{"id":14093,"date":"2014-03-26T14:44:33","date_gmt":"2014-03-26T14:44:33","guid":{"rendered":"http:\/\/demo.qodeinteractive.com\/bridge\/?page_id=14093"},"modified":"2020-05-13T08:45:53","modified_gmt":"2020-05-13T06:45:53","slug":"unsere-leistungen","status":"publish","type":"page","link":"https:\/\/fokus-meet.fokussprachen.com\/en\/unsere-leistungen\/","title":{"rendered":"OUR SERVICES"},"content":{"rendered":"<p>[vc_row css_animation=&#8220;&#8220; row_type=&#8220;row&#8220; use_row_as_full_screen_section=&#8220;no&#8220; type=&#8220;grid&#8220; angled_section=&#8220;no&#8220; text_align=&#8220;left&#8220; background_image_as_pattern=&#8220;without_pattern&#8220; padding_top=&#8220;87&#8243; el_id=&#8220;sprachtrainings&#8220; z_index=&#8220;&#8220;][vc_column width=&#8220;1\/3&#8243;][vc_separator type=&#8220;transparent&#8220; up=&#8220;7&#8243; down=&#8220;0&#8243;][vc_single_image image=&#8220;15043&#8243; img_size=&#8220;full&#8220; qode_css_animation=&#8220;element_from_left&#8220; transition_delay=&#8220;0.3&#8243;][vc_separator type=&#8220;transparent&#8220; up=&#8220;15&#8243; down=&#8220;0&#8243;][\/vc_column][vc_column width=&#8220;2\/3&#8243;][vc_column_text]<\/p>\n<h2 style=\"text-align: left;\">LANGUAGE TRAININGS<\/h2>\n<p>[\/vc_column_text][vc_separator type=&#8220;small&#8220; position=&#8220;left&#8220; down=&#8220;34&#8243; up=&#8220;7&#8243;][vc_column_text]<\/p>\n<ul>\n<li>Formats: Business Basic - Advanced \/ Business - Industry Specific<\/li>\n<li>Executive Training \/ Workshops<\/li>\n<li>precisely targeted needs analyses<\/li>\n<li>individually created training concept<\/li>\n<li>general and specialist training<\/li>\n<\/ul>\n<p>&nbsp;<\/p>\n<h3>We create holistic solutions for your company.<\/h3>\n<p>&nbsp;<\/p>\n<p>Our virtual language trainings help to develop and secure routine and professional office and business communication. We offer language training with a holistic approach, optimized in implementation and transparent in execution.<\/p>\n<p>&nbsp;<\/p>\n<p>Depending on the language, technical requirements and time frame, we will set up training concepts for your company that will meet your needs and lead to success in a time-optimized manner. The basic courses systematically build up basic knowledge of the target language and train skills in business communication, correspondence and the fulfilment of management tasks.<\/p>\n<p>&nbsp;<\/p>\n<p>The subject-specific course formats either focus on the areas of activity of the various departments in the company; industry-specific course formats are tailored to the requirements of your industry.<br \/>\n[\/vc_column_text][vc_separator type=&#8220;transparent&#8220; up=&#8220;20&#8243; down=&#8220;16&#8243;][\/vc_column][\/vc_row][vc_row css_animation=&#8220;&#8220; row_type=&#8220;row&#8220; use_row_as_full_screen_section=&#8220;no&#8220; type=&#8220;full_width&#8220; angled_section=&#8220;no&#8220; text_align=&#8220;left&#8220; background_image_as_pattern=&#8220;without_pattern&#8220;][vc_column][vc_separator type=&#8220;transparent&#8220; up=&#8220;94&#8243; down=&#8220;0&#8243;][\/vc_column][\/vc_row][vc_row css_animation=&#8220;&#8220; row_type=&#8220;row&#8220; use_row_as_full_screen_section=&#8220;no&#8220; type=&#8220;grid&#8220; angled_section=&#8220;no&#8220; text_align=&#8220;left&#8220; background_image_as_pattern=&#8220;without_pattern&#8220; padding_top=&#8220;87&#8243; background_color=&#8220;#ffffff&#8220; el_id=&#8220;interkulturelle-trainings&#8220; z_index=&#8220;&#8220;][vc_column width=&#8220;2\/3&#8243;][vc_column_text]<\/p>\n<h2 style=\"text-align: left;\">INTERCULTURAL TRAINING<\/h2>\n<p>[\/vc_column_text][vc_separator type=&#8220;small&#8220; position=&#8220;left&#8220; down=&#8220;34&#8243; up=&#8220;7&#8243;][vc_column_text]<\/p>\n<ul>\n<li>intercultural training for target culture Germany and worldwide<\/li>\n<li>experienced intercultural lecturers from the respective target culture<\/li>\n<li>Team building and intercultural management<\/li>\n<\/ul>\n<p>&nbsp;<\/p>\n<p>If your employees are regularly sent abroad or you bring many specialists from abroad to your German location, your employees need adequate preparation for the customs of the target culture. We can draw on an exquisite pool of experienced and top-class specialist trainers to give your employees the best possible start in the new culture.<\/p>\n<p>&nbsp;<\/p>\n<h3>We offer training courses on the following topics:<\/h3>\n<p>&nbsp;<\/p>\n<ul>\n<li>Intercultural appropriateness: intercultural peculiarities and country-specific customs of the target culture<\/li>\n<li>Intercultural team building: corporate culture, team understanding, work flow, time management and conflict resolution<\/li>\n<li>Intercultural management: leadership training, qualification for a successful execution of leadership tasks in the target culture<\/li>\n<\/ul>\n<p>[\/vc_column_text][vc_separator type=&#8220;transparent&#8220; up=&#8220;20&#8243; down=&#8220;16&#8243;][vc_separator type=&#8220;transparent&#8220; up=&#8220;15&#8243; down=&#8220;0&#8243;][\/vc_column][vc_column width=&#8220;1\/3&#8243;][vc_separator type=&#8220;transparent&#8220; up=&#8220;7&#8243; down=&#8220;0&#8243;][vc_single_image image=&#8220;15042&#8243; img_size=&#8220;full&#8220; qode_css_animation=&#8220;element_from_right&#8220; transition_delay=&#8220;0.3&#8243;][\/vc_column][\/vc_row][vc_row css_animation=&#8220;&#8220; row_type=&#8220;row&#8220; use_row_as_full_screen_section=&#8220;no&#8220; type=&#8220;full_width&#8220; angled_section=&#8220;no&#8220; text_align=&#8220;left&#8220; background_image_as_pattern=&#8220;without_pattern&#8220; background_color=&#8220;#ffffff&#8220;][vc_column][vc_separator type=&#8220;transparent&#8220; up=&#8220;94&#8243; down=&#8220;0&#8243;][\/vc_column][\/vc_row][vc_row css_animation=&#8220;&#8220; row_type=&#8220;row&#8220; use_row_as_full_screen_section=&#8220;no&#8220; type=&#8220;grid&#8220; angled_section=&#8220;no&#8220; text_align=&#8220;left&#8220; background_image_as_pattern=&#8220;without_pattern&#8220; padding_top=&#8220;87&#8243; el_id=&#8220;virtual-classrooms&#8220; z_index=&#8220;&#8220;][vc_column width=&#8220;1\/3&#8243;][vc_separator type=&#8220;transparent&#8220; up=&#8220;7&#8243; down=&#8220;0&#8243;][vc_single_image image=&#8220;15044&#8243; img_size=&#8220;full&#8220; qode_css_animation=&#8220;element_from_left&#8220; transition_delay=&#8220;0.3&#8243;][vc_separator type=&#8220;transparent&#8220; up=&#8220;15&#8243; down=&#8220;0&#8243;][\/vc_column][vc_column width=&#8220;2\/3&#8243;][vc_column_text]<\/p>\n<h2 style=\"text-align: left;\">VIRTUAL CLASSROOM<\/h2>\n<p>[\/vc_column_text][vc_separator type=&#8220;small&#8220; position=&#8220;left&#8220; down=&#8220;34&#8243; up=&#8220;7&#8243;][vc_column_text]<\/p>\n<ul>\n<li>Powerful learning platform<\/li>\n<li>Integrated video portal<\/li>\n<li>individually selected trainers<\/li>\n<li>unlimited availability of learning materials<\/li>\n<li>Flexible time planning<\/li>\n<\/ul>\n<p>&nbsp;<\/p>\n<p>Our FOKUS-ONLINE learning platform is ideal for flexible, location-independent language training. In our Virtual Classroom, course participants have access at all times - regardless of their location. We ensure that each participant works with a fixed trainer for the entire duration of the training. We select trainers according to experience, needs, style and level. We want our digital training to be as personal as face-to-face training. This promotes motivation, enjoyment of the training and, ultimately, success.<\/p>\n<p>&nbsp;<\/p>\n<p>When and where the lessons take place, your employees decide in consultation with our course supervisor for maximum flexibility. The course documents, records and materials are available to the course participants at any time in the virtual classroom, and extra modules allow progress to be deepened and expanded independently.<br \/>\n[\/vc_column_text][vc_separator type=&#8220;transparent&#8220; up=&#8220;20&#8243; down=&#8220;16&#8243;][\/vc_column][\/vc_row][vc_row css_animation=&#8220;&#8220; row_type=&#8220;row&#8220; use_row_as_full_screen_section=&#8220;no&#8220; type=&#8220;full_width&#8220; angled_section=&#8220;no&#8220; text_align=&#8220;left&#8220; background_image_as_pattern=&#8220;without_pattern&#8220;][vc_column][vc_separator type=&#8220;transparent&#8220; up=&#8220;94&#8243; down=&#8220;0&#8243;][\/vc_column][\/vc_row][vc_row css_animation=&#8220;&#8220; row_type=&#8220;row&#8220; use_row_as_full_screen_section=&#8220;no&#8220; type=&#8220;grid&#8220; angled_section=&#8220;no&#8220; text_align=&#8220;left&#8220; background_image_as_pattern=&#8220;without_pattern&#8220; padding_top=&#8220;87&#8243; background_color=&#8220;#ffffff&#8220; el_id=&#8220;unsere-trainer&#8220; z_index=&#8220;&#8220; padding_bottom=&#8220;87&#8243;][vc_column width=&#8220;2\/3&#8243;][vc_column_text]<\/p>\n<h2 style=\"text-align: left;\">OUR TRAINERS<\/h2>\n<p>[\/vc_column_text][vc_separator type=&#8220;small&#8220; position=&#8220;left&#8220; down=&#8220;34&#8243; up=&#8220;7&#8243;][vc_column_text]<\/p>\n<ul>\n<li>large pool of competent and experienced native speaking trainers<\/li>\n<li>with specialist knowledge from the target industry<\/li>\n<li>profound experience with online training<\/li>\n<li>constant further education and training<\/li>\n<\/ul>\n<p>&nbsp;<\/p>\n<p>No \"off-the-peg\" lessons: Individual training plans created for you by your FOKUS trainer. He or she analyses your previous knowledge and classifies your level - then you decide where to go. Based on your personal training goals, your FOKUS trainer designs your personal training plan for you: He or she selects the material, carefully prepares each training session and uses effective methods. Your FOKUS trainer will take you to your goal. Such a personalized training design not only motivates you, but also ensures measurable success in your language performance.<\/p>\n<p>&nbsp;<\/p>\n<p>FOKUS trainers are hand-picked: High quality standards - individual personalities. As different as your training goals are \u2013 that is how different are our trainers. They are all selected according to qualification, training experience and soft skills. But each trainer profile is different and very special: whether professional experience or pedagogy studies - or both? We will find the right trainer for you. FOKUS trainers don't just give lessons, they accompany you through your language training and take you to your goal.<\/p>\n<p>&nbsp;<\/p>\n<p>Unsere Trainer sind uns wichtig: T\u00e4glich f\u00fcr Sie da, st\u00e4ndig betreut von uns. Ein umfangreiches Trainernetzwerk erm\u00f6glicht fachlichen und privaten Austausch, sei es beim Workshop zu Blended Learning Plattformen oder beim Bowling. Tipps zu Lehrwerken, Rat bei p\u00e4dagogischen Fragen und Unterst\u00fctzung bei technischen Dingen erhalten die FOKUS-Trainer jederzeit von ihren Fachbereichsleitungen \/ Director of Studies. Ob langj\u00e4hrige Zusammenarbeit oder neu im Team \u2013 unsere FOKUS-Trainer bekommen die optimale Betreuung um Ihr Training perfekt zu gestalten.[\/vc_column_text][vc_separator type=&#8220;transparent&#8220; up=&#8220;20&#8243; down=&#8220;16&#8243;][\/vc_column][vc_column width=&#8220;1\/3&#8243;][vc_separator type=&#8220;transparent&#8220; up=&#8220;7&#8243; down=&#8220;0&#8243;][vc_separator type=&#8220;transparent&#8220; up=&#8220;15&#8243; down=&#8220;0&#8243;][vc_single_image image=&#8220;15050&#8243; img_size=&#8220;full&#8220; qode_css_animation=&#8220;element_from_right&#8220; transition_delay=&#8220;0.3&#8243;][\/vc_column][\/vc_row]<\/p>","protected":false},"excerpt":{"rendered":"<p>[vc_row css_animation=&#8220;&#8220; row_type=&#8220;row&#8220; use_row_as_full_screen_section=&#8220;no&#8220; type=&#8220;grid&#8220; angled_section=&#8220;no&#8220; text_align=&#8220;left&#8220; background_image_as_pattern=&#8220;without_pattern&#8220; padding_top=&#8220;87&#8243; el_id=&#8220;sprachtrainings&#8220; z_index=&#8220;&#8220;][vc_column width=&#8220;1\/3&#8243;][vc_separator type=&#8220;transparent&#8220; up=&#8220;7&#8243; down=&#8220;0&#8243;][vc_single_image image=&#8220;15043&#8243; img_size=&#8220;full&#8220; qode_css_animation=&#8220;element_from_left&#8220; transition_delay=&#8220;0.3&#8243;][vc_separator type=&#8220;transparent&#8220; up=&#8220;15&#8243; down=&#8220;0&#8243;][\/vc_column][vc_column width=&#8220;2\/3&#8243;][vc_column_text] SPRACHTRAININGS [\/vc_column_text][vc_separator type=&#8220;small&#8220; position=&#8220;left&#8220; down=&#8220;34&#8243; up=&#8220;7&#8243;][vc_column_text] Formate: Business Basic \u2013 Advanced \/ Business \u2013 Industry Specific Executive Training \/ Workshops zielgenaue Bedarfsanalysen&#8230;<\/p>","protected":false},"author":1,"featured_media":0,"parent":0,"menu_order":0,"comment_status":"open","ping_status":"open","template":"full_width.php","meta":{"footnotes":""},"class_list":["post-14093","page","type-page","status-publish","hentry"],"_links":{"self":[{"href":"https:\/\/fokus-meet.fokussprachen.com\/en\/wp-json\/wp\/v2\/pages\/14093","targetHints":{"allow":["GET"]}}],"collection":[{"href":"https:\/\/fokus-meet.fokussprachen.com\/en\/wp-json\/wp\/v2\/pages"}],"about":[{"href":"https:\/\/fokus-meet.fokussprachen.com\/en\/wp-json\/wp\/v2\/types\/page"}],"author":[{"embeddable":true,"href":"https:\/\/fokus-meet.fokussprachen.com\/en\/wp-json\/wp\/v2\/users\/1"}],"replies":[{"embeddable":true,"href":"https:\/\/fokus-meet.fokussprachen.com\/en\/wp-json\/wp\/v2\/comments?post=14093"}],"version-history":[{"count":19,"href":"https:\/\/fokus-meet.fokussprachen.com\/en\/wp-json\/wp\/v2\/pages\/14093\/revisions"}],"predecessor-version":[{"id":15071,"href":"https:\/\/fokus-meet.fokussprachen.com\/en\/wp-json\/wp\/v2\/pages\/14093\/revisions\/15071"}],"wp:attachment":[{"href":"https:\/\/fokus-meet.fokussprachen.com\/en\/wp-json\/wp\/v2\/media?parent=14093"}],"curies":[{"name":"wp","href":"https:\/\/api.w.org\/{rel}","templated":true}]}}